{"id":49,"date":"2023-11-02T20:11:09","date_gmt":"2023-11-02T20:11:09","guid":{"rendered":"https:\/\/q2m.ag\/?page_id=49"},"modified":"2025-08-08T13:27:35","modified_gmt":"2025-08-08T13:27:35","slug":"ueber-die-q2m","status":"publish","type":"page","link":"https:\/\/q2m.ag\/?page_id=49","title":{"rendered":"\u00dcber die Q2M"},"content":{"rendered":"\n<div class=\"wp-block-cover alignfull is-light\" style=\"min-height:720px;aspect-ratio:unset;\"><span aria-hidden=\"true\" class=\"wp-block-cover__background has-background-dim-100 has-background-dim has-background-gradient\" style=\"background:linear-gradient(35deg,rgb(3,0,86) 0%,rgb(5,51,255) 73%,rgb(70,15,255) 100%)\"><\/span><div class=\"wp-block-cover__inner-container is-layout-flow wp-block-cover-is-layout-flow\">\n<div class=\"inherit-container-width wp-block-group alignwide is-layout-constrained wp-block-group-is-layout-constrained\">\n<div class=\"wp-block-media-text alignwide has-media-on-the-right is-stacked-on-mobile is-vertically-aligned-center\" style=\"grid-template-columns:auto 43%\"><div class=\"wp-block-media-text__content\">\n<h1 class=\"wp-block-heading has-text-align-left has-white-color has-text-color\">\u00dcber die Q2M<\/h1>\n\n\n\n<p style=\"font-size:18px\"><span style=\"color: #ffffff;\" class=\"stk-highlight\">Unsere Unternehmensphilosophie ist gepr\u00e4gt von einem exklusiven Netzwerk nationaler und internationaler Top-Entscheidungstr\u00e4ger: Unternehmer, Vorst\u00e4nde, Gesch\u00e4ftsf\u00fchrer, Aufsichtsr\u00e4te und Beir\u00e4te &#8211; gemeinsam arbeiten wir seit vielen Jahren vertrauensvoll und erfolgreich zusammen. Diese Synergie aus Wissen und Erfahrung bildet das Herzst\u00fcck unserer Dienstleistungen und die Ergebnisse sprechen f\u00fcr sich!<\/span><\/p>\n<\/div><figure class=\"wp-block-media-text__media\"><img loading=\"lazy\" decoding=\"async\" width=\"1024\" height=\"904\" src=\"https:\/\/q2m.ag\/wp-content\/uploads\/2023\/11\/Grafik_18-1024x904.png\" alt=\"\" class=\"wp-image-205 size-full\" srcset=\"https:\/\/q2m.ag\/wp-content\/uploads\/2023\/11\/Grafik_18-1024x904.png 1024w, https:\/\/q2m.ag\/wp-content\/uploads\/2023\/11\/Grafik_18-300x265.png 300w, https:\/\/q2m.ag\/wp-content\/uploads\/2023\/11\/Grafik_18-768x678.png 768w, https:\/\/q2m.ag\/wp-content\/uploads\/2023\/11\/Grafik_18-1536x1356.png 1536w, https:\/\/q2m.ag\/wp-content\/uploads\/2023\/11\/Grafik_18.png 1646w\" sizes=\"auto, (max-width: 1024px) 100vw, 1024px\" \/><\/figure><\/div>\n<\/div>\n<\/div><\/div>\n\n\n\n<div class=\"wp-block-group is-layout-constrained wp-block-group-is-layout-constrained\">\n<h2 class=\"wp-block-heading has-ast-global-color-0-color has-text-color\">Exklusives Partnernetzwerk<\/h2>\n\n\n\n<div style=\"height:23px\" aria-hidden=\"true\" class=\"wp-block-spacer\"><\/div>\n\n\n\n<p class=\"has-text-align-left has-ast-global-color-1-color has-text-color\"><span style=\"color: var(--ast-global-color-2);\" class=\"stk-highlight\">Unser exklusives Partnernetzwerk ist ein unermesslicher Schatz, den wir geb\u00fcndelt in unsere Gesch\u00e4ftsfelder einbringen, um f\u00fcr Sie au\u00dfergew\u00f6hnliche L\u00f6sungen zu schaffen. Ihre Herausforderungen sind unsere Inspiration, und wir meistern sie mit:<\/span><\/p>\n\n\n\n<div style=\"height:23px\" aria-hidden=\"true\" class=\"wp-block-spacer\"><\/div>\n\n\n\n<div class=\"wp-block-group is-nowrap is-layout-flex wp-container-core-group-is-layout-6c531013 wp-block-group-is-layout-flex\">\n<div class=\"wp-block-media-text is-stacked-on-mobile\" style=\"grid-template-columns:49% auto\"><figure class=\"wp-block-media-text__media\"><img loading=\"lazy\" decoding=\"async\" width=\"1024\" height=\"1024\" src=\"https:\/\/q2m.ag\/wp-content\/uploads\/2023\/11\/Grafik_4-1024x1024.png\" alt=\"\" class=\"wp-image-169 size-full\" srcset=\"https:\/\/q2m.ag\/wp-content\/uploads\/2023\/11\/Grafik_4-1024x1024.png 1024w, https:\/\/q2m.ag\/wp-content\/uploads\/2023\/11\/Grafik_4-300x300.png 300w, https:\/\/q2m.ag\/wp-content\/uploads\/2023\/11\/Grafik_4-150x150.png 150w, https:\/\/q2m.ag\/wp-content\/uploads\/2023\/11\/Grafik_4-768x768.png 768w, https:\/\/q2m.ag\/wp-content\/uploads\/2023\/11\/Grafik_4-1536x1536.png 1536w, https:\/\/q2m.ag\/wp-content\/uploads\/2023\/11\/Grafik_4-2048x2048.png 2048w\" sizes=\"auto, (max-width: 1024px) 100vw, 1024px\" \/><\/figure><div class=\"wp-block-media-text__content\">\n<p class=\"has-ast-global-color-1-color has-text-color\"><strong>Kreative Ideen und operative Umsetzung<\/strong><\/p>\n\n\n\n<p><span style=\"color: var(--ast-global-color-2);\" class=\"stk-highlight\">Wir denken au\u00dferhalb der Norm und bringen frische, innovative Ans\u00e4tze in die L\u00f6sungsfindung ein. Da Ideen allein nicht gen\u00fcgen nicht &#8211; wir setzen sie gemeinsam mit Ihnen in die Tat um.<\/span><\/p>\n<\/div><\/div>\n<\/div>\n\n\n\n<div style=\"height:30px\" aria-hidden=\"true\" class=\"wp-block-spacer\"><\/div>\n\n\n\n<div class=\"wp-block-group is-nowrap is-layout-flex wp-container-core-group-is-layout-6c531013 wp-block-group-is-layout-flex\">\n<div class=\"wp-block-media-text has-media-on-the-right is-stacked-on-mobile\"><div class=\"wp-block-media-text__content\">\n<p class=\"has-ast-global-color-1-color has-text-color\"><strong>Variable Prozesse und eine hohe Digitalisierung<\/strong><\/p>\n\n\n\n<p><span style=\"color: var(--ast-global-color-2);\" class=\"stk-highlight\">Unsere Methoden sind flexibel und passen sich Ihren individuellen Bed\u00fcrfnissen an, um optimale Ergebnisse zu erzielen. Au\u00dferdem nutzen wir hierf\u00fcr modernste Technologien, um Prozesse und Strukturen effizienter zu gestalten und verschaffen Ihnen damit einen Wettbewerbsvorteil.<\/span><\/p>\n<\/div><figure class=\"wp-block-media-text__media\"><img loading=\"lazy\" decoding=\"async\" width=\"1024\" height=\"989\" src=\"https:\/\/q2m.ag\/wp-content\/uploads\/2023\/11\/Grafik_5-1024x989.png\" alt=\"\" class=\"wp-image-174 size-full\" srcset=\"https:\/\/q2m.ag\/wp-content\/uploads\/2023\/11\/Grafik_5-1024x989.png 1024w, https:\/\/q2m.ag\/wp-content\/uploads\/2023\/11\/Grafik_5-300x290.png 300w, https:\/\/q2m.ag\/wp-content\/uploads\/2023\/11\/Grafik_5-768x742.png 768w, https:\/\/q2m.ag\/wp-content\/uploads\/2023\/11\/Grafik_5.png 1512w\" sizes=\"auto, (max-width: 1024px) 100vw, 1024px\" \/><\/figure><\/div>\n<\/div>\n\n\n\n<div style=\"height:30px\" aria-hidden=\"true\" class=\"wp-block-spacer\"><\/div>\n\n\n\n<div class=\"wp-block-group is-nowrap is-layout-flex wp-container-core-group-is-layout-6c531013 wp-block-group-is-layout-flex\">\n<div class=\"wp-block-media-text is-stacked-on-mobile\"><figure class=\"wp-block-media-text__media\"><img loading=\"lazy\" decoding=\"async\" width=\"1024\" height=\"935\" src=\"https:\/\/q2m.ag\/wp-content\/uploads\/2023\/11\/Grafik_12-1024x935.png\" alt=\"\" class=\"wp-image-187 size-full\" srcset=\"https:\/\/q2m.ag\/wp-content\/uploads\/2023\/11\/Grafik_12-1024x935.png 1024w, https:\/\/q2m.ag\/wp-content\/uploads\/2023\/11\/Grafik_12-300x274.png 300w, https:\/\/q2m.ag\/wp-content\/uploads\/2023\/11\/Grafik_12-768x701.png 768w, https:\/\/q2m.ag\/wp-content\/uploads\/2023\/11\/Grafik_12-1536x1402.png 1536w, https:\/\/q2m.ag\/wp-content\/uploads\/2023\/11\/Grafik_12.png 1619w\" sizes=\"auto, (max-width: 1024px) 100vw, 1024px\" \/><\/figure><div class=\"wp-block-media-text__content\">\n<p class=\"has-ast-global-color-1-color has-text-color\"><strong>Pers\u00f6nliche Begleitung mit Erfahrung in au\u00dfergew\u00f6hnlichen Situationen<\/strong><\/p>\n\n\n\n<p><span style=\"color: var(--ast-global-color-2);\" class=\"stk-highlight\">Sie stehen im Mittelpunkt unseres Tuns. Damit stellen wir sicher, dass Ihre Ziele erreicht werden. Auch in turbulenten Zeiten stehen wir an Ihrer Seite und bieten bew\u00e4hrte Strategien, um Herausforderungen gerade dann zu bew\u00e4ltigen.<\/span><\/p>\n<\/div><\/div>\n<\/div>\n<\/div>\n\n\n\n<div class=\"wp-block-group is-layout-constrained wp-block-group-is-layout-constrained\">\n<h2 class=\"wp-block-heading has-text-align-center\">Der Vorstand<\/h2>\n\n\n\n<div style=\"height:2px\" aria-hidden=\"true\" class=\"wp-block-spacer\"><\/div>\n\n\n\n<hr class=\"wp-block-separator has-text-color has-ast-global-color-0-color has-alpha-channel-opacity has-ast-global-color-0-background-color has-background is-style-default\"\/>\n\n\n\n<div style=\"height:2px\" aria-hidden=\"true\" class=\"wp-block-spacer\"><\/div>\n\n\n\n<div class=\"wp-block-columns is-layout-flex wp-container-core-columns-is-layout-28f84493 wp-block-columns-is-layout-flex\">\n<div class=\"wp-block-column is-layout-flow wp-block-column-is-layout-flow\"><\/div>\n\n\n\n<div class=\"wp-block-column is-layout-flow wp-block-column-is-layout-flow\">\n<div class=\"wp-block-stackable-card stk-block-card stk-block stk-55a57f6 is-style-default\" data-v=\"2\" data-block-id=\"55a57f6\"><div class=\"stk--no-padding stk-container stk-55a57f6-container stk-hover-parent\"><figure class=\"stk-block-card__image stk-img-wrapper stk-image--shape-stretch\"><img loading=\"lazy\" decoding=\"async\" class=\"stk-img wp-image-110\" src=\"https:\/\/q2m.ag\/wp-content\/uploads\/2023\/11\/2.png\" width=\"386\" height=\"321\" srcset=\"https:\/\/q2m.ag\/wp-content\/uploads\/2023\/11\/2.png 386w, https:\/\/q2m.ag\/wp-content\/uploads\/2023\/11\/2-300x249.png 300w\" sizes=\"auto, (max-width: 386px) 100vw, 386px\" \/><\/figure><div class=\"stk-container-padding stk-block-card__content\"><div class=\"stk-block-content stk-inner-blocks stk-55a57f6-inner-blocks\">\n<div class=\"wp-block-stackable-heading stk-block-heading stk-block-heading--v2 stk-block stk-920be5e\" id=\"strong-elke-etzel-strong\" data-block-id=\"920be5e\"><h2 class=\"stk-block-heading__text\"><strong>Elke Etzel<\/strong><\/h2><\/div>\n\n\n\n<div class=\"wp-block-stackable-subtitle stk-block-subtitle stk-block stk-3591cb9\" data-block-id=\"3591cb9\"><p class=\"stk-block-subtitle__text stk-subtitle\">Vorstand<\/p><\/div>\n\n\n\n<div class=\"wp-block-stackable-text stk-block-text stk-block stk-2c54200\" data-block-id=\"2c54200\"><p class=\"stk-block-text__text\">Elke Etzel ist eine erfahrene F\u00fchrungskraft. Im August 2015 \u00fcbernahm Sie die Vorstandsposition der Q2M Managementberatung GmbH und ist zudem Gesellschaftern der Crowd Solution GmbH. Sie hat umfangreiche Erfahrung in der Integration von Unternehmen, der Verhandlungsf\u00fchrung mit Betriebsr\u00e4ten und Gewerkschaften und in der Entwicklung von F\u00fchrungskr\u00e4ften.<\/p><\/div>\n<\/div><\/div><\/div><\/div>\n<\/div>\n\n\n\n<div class=\"wp-block-column is-layout-flow wp-block-column-is-layout-flow\"><\/div>\n<\/div>\n<\/div>\n\n\n\n<div class=\"wp-block-group is-layout-constrained wp-container-core-group-is-layout-0659c399 wp-block-group-is-layout-constrained\" style=\"margin-top:0;margin-bottom:0;padding-top:var(--wp--preset--spacing--80);padding-right:0;padding-bottom:var(--wp--preset--spacing--80);padding-left:0\">\n<h2 class=\"wp-block-heading has-text-align-center\">Der Aufsichtsrat<\/h2>\n\n\n\n<div style=\"height:40px\" aria-hidden=\"true\" class=\"wp-block-spacer\"><\/div>\n\n\n\n<hr class=\"wp-block-separator has-text-color has-ast-global-color-0-color has-alpha-channel-opacity has-ast-global-color-0-background-color has-background is-style-wide\"\/>\n\n\n\n<div style=\"height:40px\" aria-hidden=\"true\" class=\"wp-block-spacer\"><\/div>\n\n\n\n<div class=\"wp-block-columns is-layout-flex wp-container-core-columns-is-layout-28f84493 wp-block-columns-is-layout-flex\">\n<div class=\"wp-block-column is-layout-flow wp-block-column-is-layout-flow\">\n<div class=\"wp-block-stackable-card stk-block-card stk-block stk-6b4b606 is-style-default\" data-v=\"2\" data-block-id=\"6b4b606\"><div class=\"stk--no-padding stk-container stk-6b4b606-container stk-hover-parent\"><figure class=\"stk-block-card__image stk-img-wrapper stk-image--shape-stretch\"><img loading=\"lazy\" decoding=\"async\" class=\"stk-img wp-image-113\" src=\"https:\/\/q2m.ag\/wp-content\/uploads\/2023\/11\/3.png\" width=\"390\" height=\"324\" srcset=\"https:\/\/q2m.ag\/wp-content\/uploads\/2023\/11\/3.png 390w, https:\/\/q2m.ag\/wp-content\/uploads\/2023\/11\/3-300x249.png 300w\" sizes=\"auto, (max-width: 390px) 100vw, 390px\" \/><\/figure><div class=\"stk-container-padding stk-block-card__content\"><div class=\"stk-block-content stk-inner-blocks stk-6b4b606-inner-blocks\">\n<div class=\"wp-block-stackable-heading stk-block-heading stk-block-heading--v2 stk-block stk-013e409\" id=\"stefan-zenzen\" data-block-id=\"013e409\"><h2 class=\"stk-block-heading__text\">Stefan Zenzen<\/h2><\/div>\n\n\n\n<div class=\"wp-block-stackable-subtitle stk-block-subtitle stk-block stk-abb9144\" data-block-id=\"abb9144\"><p class=\"stk-block-subtitle__text stk-subtitle\">Vorsitzender des Aufsichtsrats<\/p><\/div>\n\n\n\n<div class=\"wp-block-stackable-text stk-block-text stk-block stk-e20c785\" data-block-id=\"e20c785\"><p class=\"stk-block-text__text\">Rechtsanwalt Stefan Zenzen ist ein Fachanwalt f\u00fcr Arbeits- und Strafrecht mit Sitz in Trier. Seit 2010 ist er selbst\u00e4ndig mit seiner Kanzlei Kalicki &amp; Zenzen. Herr Zenzen begleitet die Q2M seit 2015 als Vorsitzender des Aufsichtsrats.<\/p><\/div>\n<\/div><\/div><\/div><\/div>\n<\/div>\n\n\n\n<div class=\"wp-block-column is-layout-flow wp-block-column-is-layout-flow\">\n<div class=\"wp-block-stackable-card stk-block-card stk-block stk-1c5ae41 is-style-default\" data-v=\"2\" data-block-id=\"1c5ae41\"><style>.stk-1c5ae41 .stk-block-card__image img{transform:scale(1.04) !important;object-position:35% 37% !important;object-fit:contain !important;}<\/style><div class=\"stk--no-padding stk-container stk-1c5ae41-container stk-hover-parent\"><figure class=\"stk-block-card__image stk-img-wrapper stk-image--shape-stretch\"><img loading=\"lazy\" decoding=\"async\" class=\"stk-img wp-image-114\" src=\"https:\/\/q2m.ag\/wp-content\/uploads\/2023\/11\/4.png\" width=\"169\" height=\"273\"\/><\/figure><div class=\"stk-container-padding stk-block-card__content\"><div class=\"stk-block-content stk-inner-blocks stk-1c5ae41-inner-blocks\">\n<div class=\"wp-block-stackable-heading stk-block-heading stk-block-heading--v2 stk-block stk-a0f3d57\" id=\"steffen-pfander\" data-block-id=\"a0f3d57\"><h2 class=\"stk-block-heading__text\">Steffen Pf\u00e4nder<\/h2><\/div>\n\n\n\n<div class=\"wp-block-stackable-subtitle stk-block-subtitle stk-block stk-87f8282\" data-block-id=\"87f8282\"><p class=\"stk-block-subtitle__text stk-subtitle\">Stellvertretender Vorsitzender des Aufsichtsrats<\/p><\/div>\n\n\n\n<div class=\"wp-block-stackable-text stk-block-text stk-block stk-c00e39d\" data-block-id=\"c00e39d\"><p class=\"stk-block-text__text\">Steffen Pf\u00e4nder ist ein erfahrener Bankkaufmann, und war mehrere Jahre Vorstand eines Versicherungsmaklerunternehmens. Seit 2019 ist er Gesch\u00e4ftsf\u00fchrer der Crowd Solution GmbH und seit 2021 ist er stellvertretendes Aufsichtsratsmitglied der Q2M AG.<\/p><\/div>\n<\/div><\/div><\/div><\/div>\n<\/div>\n\n\n\n<div class=\"wp-block-column is-layout-flow wp-block-column-is-layout-flow\">\n<div class=\"wp-block-stackable-card stk-block-card stk-block stk-e35da99 is-style-default\" data-v=\"2\" data-block-id=\"e35da99\"><style>.stk-e35da99 .stk-block-card__image img{object-position:56.00000000000001% 35% !important;}<\/style><div class=\"stk--no-padding stk-container stk-e35da99-container stk-hover-parent\"><figure class=\"stk-block-card__image stk-img-wrapper stk-image--shape-stretch\"><img loading=\"lazy\" decoding=\"async\" class=\"stk-img wp-image-421\" src=\"https:\/\/q2m.ag\/wp-content\/uploads\/2025\/08\/IMG_9074.png\" width=\"1024\" height=\"1365\" srcset=\"https:\/\/q2m.ag\/wp-content\/uploads\/2025\/08\/IMG_9074.png 1024w, https:\/\/q2m.ag\/wp-content\/uploads\/2025\/08\/IMG_9074-225x300.png 225w, https:\/\/q2m.ag\/wp-content\/uploads\/2025\/08\/IMG_9074-768x1024.png 768w\" sizes=\"auto, (max-width: 1024px) 100vw, 1024px\" \/><\/figure><div class=\"stk-container-padding stk-block-card__content\"><div class=\"stk-block-content stk-inner-blocks stk-e35da99-inner-blocks\">\n<div class=\"wp-block-stackable-heading stk-block-heading stk-block-heading--v2 stk-block stk-1faabfd\" id=\"strong-kai-lehfeld-strong\" data-block-id=\"1faabfd\"><h2 class=\"stk-block-heading__text\"><strong>Kai         Lehfeld<\/strong><\/h2><\/div>\n\n\n\n<div class=\"wp-block-stackable-subtitle stk-block-subtitle stk-block stk-f66fdd8\" data-block-id=\"f66fdd8\"><p class=\"stk-block-subtitle__text stk-subtitle\">Mitglied des Aufsichtsrats<\/p><\/div>\n\n\n\n<div class=\"wp-block-stackable-text stk-block-text stk-block stk-dfa2dff\" data-block-id=\"dfa2dff\"><p class=\"stk-block-text__text\">Kai Lehfeld hat Energie- und Ressourcenmanagement studiert und ist heute als Projektmanager an der Schnittstelle von Finanzen, IT und Nachhaltigkeit t\u00e4tig. Er bringt ein starkes Verst\u00e4ndnis f\u00fcr zukunftsweisende Technologien und Transformationsprozesse mit. Seit dem 1. Mai 2025 verst\u00e4rkt er den Aufsichtsrat der Q2M AG.<\/p><\/div>\n<\/div><\/div><\/div><\/div>\n<\/div>\n<\/div>\n<\/div>\n\n\n\n<div class=\"wp-block-group alignfull has-background is-layout-constrained wp-container-core-group-is-layout-cfcca693 wp-block-group-is-layout-constrained\" id=\"contact\" style=\"background:linear-gradient(35deg,rgb(3,0,86) 0%,rgb(5,51,255) 55%,rgb(70,15,255) 96%);padding-top:104px;padding-bottom:104px\">\n<h2 class=\"wp-block-heading has-text-align-center has-text-color\" style=\"color:#ffffff\">Nehmen Sie Kontakt mit uns auf<\/h2>\n\n\n\n<div class=\"wp-block-buttons alignwide is-horizontal is-content-justification-center is-layout-flex wp-container-core-buttons-is-layout-bba8380a wp-block-buttons-is-layout-flex\" style=\"margin-top:50px\">\n<div class=\"wp-block-button\"><a class=\"wp-block-button__link wp-element-button\" href=\"https:\/\/q2m.ag\/?page_id=43\">Kontakt aufnehmen<\/a><\/div>\n<\/div>\n<\/div>\n","protected":false},"excerpt":{"rendered":"<p>Exklusives Partnernetzwerk Unser exklusives Partnernetzwerk ist ein unermesslicher Schatz, den wir geb\u00fcndelt in unsere Gesch\u00e4ftsfelder einbringen, um f\u00fcr Sie au\u00dfergew\u00f6hnliche L\u00f6sungen zu schaffen. Ihre Herausforderungen sind unsere Inspiration, und wir meistern sie mit: Kreative Ideen und operative Umsetzung Wir denken au\u00dferhalb der Norm und bringen frische, innovative Ans\u00e4tze in die L\u00f6sungsfindung ein. Da Ideen allein [&hellip;]<\/p>\n","protected":false},"author":1,"featured_media":0,"parent":24,"menu_order":0,"comment_status":"closed","ping_status":"closed","template":"","meta":{"site-sidebar-layout":"default","site-content-layout":"","ast-site-content-layout":"default","site-content-style":"default","site-sidebar-style":"default","ast-global-header-display":"","ast-banner-title-visibility":"","ast-main-header-display":"","ast-hfb-above-header-display":"","ast-hfb-below-header-display":"","ast-hfb-mobile-header-display":"","site-post-title":"disabled","ast-breadcrumbs-content":"","ast-featured-img":"","footer-sml-layout":"","ast-disable-related-posts":"","theme-transparent-header-meta":"","adv-header-id-meta":"","stick-header-meta":"","header-above-stick-meta":"","header-main-stick-meta":"","header-below-stick-meta":"","astra-migrate-meta-layouts":"","ast-page-background-enabled":"default","ast-page-background-meta":{"desktop":{"background-color":"var(--ast-global-color-4)","background-image":"","background-repeat":"repeat","background-position":"center center","background-size":"auto","background-attachment":"scroll","background-type":"","background-media":"","overlay-type":"","overlay-color":"","overlay-opacity":"","overlay-gradient":""},"tablet":{"background-color":"","background-image":"","background-repeat":"repeat","background-position":"center center","background-size":"auto","background-attachment":"scroll","background-type":"","background-media":"","overlay-type":"","overlay-color":"","overlay-opacity":"","overlay-gradient":""},"mobile":{"background-color":"","background-image":"","background-repeat":"repeat","background-position":"center center","background-size":"auto","background-attachment":"scroll","background-type":"","background-media":"","overlay-type":"","overlay-color":"","overlay-opacity":"","overlay-gradient":""}},"ast-content-background-meta":{"desktop":{"background-color":"var(--ast-global-color-5)","background-image":"","background-repeat":"repeat","background-position":"center center","background-size":"auto","background-attachment":"scroll","background-type":"","background-media":"","overlay-type":"","overlay-color":"","overlay-opacity":"","overlay-gradient":""},"tablet":{"background-color":"var(--ast-global-color-5)","background-image":"","background-repeat":"repeat","background-position":"center center","background-size":"auto","background-attachment":"scroll","background-type":"","background-media":"","overlay-type":"","overlay-color":"","overlay-opacity":"","overlay-gradient":""},"mobile":{"background-color":"var(--ast-global-color-5)","background-image":"","background-repeat":"repeat","background-position":"center center","background-size":"auto","background-attachment":"scroll","background-type":"","background-media":"","overlay-type":"","overlay-color":"","overlay-opacity":"","overlay-gradient":""}},"footnotes":"[]"},"class_list":["post-49","page","type-page","status-publish","hentry"],"jetpack_sharing_enabled":true,"_links":{"self":[{"href":"https:\/\/q2m.ag\/index.php?rest_route=\/wp\/v2\/pages\/49","targetHints":{"allow":["GET"]}}],"collection":[{"href":"https:\/\/q2m.ag\/index.php?rest_route=\/wp\/v2\/pages"}],"about":[{"href":"https:\/\/q2m.ag\/index.php?rest_route=\/wp\/v2\/types\/page"}],"author":[{"embeddable":true,"href":"https:\/\/q2m.ag\/index.php?rest_route=\/wp\/v2\/users\/1"}],"replies":[{"embeddable":true,"href":"https:\/\/q2m.ag\/index.php?rest_route=%2Fwp%2Fv2%2Fcomments&post=49"}],"version-history":[{"count":62,"href":"https:\/\/q2m.ag\/index.php?rest_route=\/wp\/v2\/pages\/49\/revisions"}],"predecessor-version":[{"id":425,"href":"https:\/\/q2m.ag\/index.php?rest_route=\/wp\/v2\/pages\/49\/revisions\/425"}],"up":[{"embeddable":true,"href":"https:\/\/q2m.ag\/index.php?rest_route=\/wp\/v2\/pages\/24"}],"wp:attachment":[{"href":"https:\/\/q2m.ag\/index.php?rest_route=%2Fwp%2Fv2%2Fmedia&parent=49"}],"curies":[{"name":"wp","href":"https:\/\/api.w.org\/{rel}","templated":true}]}}