{"id":51,"date":"2023-11-02T17:01:02","date_gmt":"2023-11-02T17:01:02","guid":{"rendered":"https:\/\/q2m.ag\/?page_id=51"},"modified":"2025-08-08T13:30:07","modified_gmt":"2025-08-08T13:30:07","slug":"dienstleistungen","status":"publish","type":"page","link":"https:\/\/q2m.ag\/?page_id=51","title":{"rendered":"Dienstleistungen"},"content":{"rendered":"\n<div class=\"wp-block-cover alignfull is-light\" style=\"min-height:720px;aspect-ratio:unset;\"><span aria-hidden=\"true\" class=\"wp-block-cover__background has-background-dim-100 has-background-dim has-background-gradient\" style=\"background:linear-gradient(35deg,rgb(3,0,86) 0%,rgb(5,51,255) 73%,rgb(70,15,255) 100%)\"><\/span><div class=\"wp-block-cover__inner-container is-layout-flow wp-block-cover-is-layout-flow\">\n<div class=\"inherit-container-width wp-block-group alignwide is-layout-constrained wp-block-group-is-layout-constrained\">\n<div class=\"wp-block-media-text alignwide has-media-on-the-right is-stacked-on-mobile is-vertically-aligned-center\" style=\"grid-template-columns:auto 43%\"><div class=\"wp-block-media-text__content\">\n<h1 class=\"wp-block-heading has-text-align-left has-white-color has-text-color\">Dienstleistungen<\/h1>\n\n\n\n<div class=\"wp-block-group is-vertical is-layout-flex wp-container-core-group-is-layout-fe9cc265 wp-block-group-is-layout-flex\">\n<p style=\"font-size:18px\"><span style=\"color: #ffffff;\" class=\"stk-highlight\">Ihr Erfolg unser oberstes Ziel. Lassen Sie uns gemeinsam anpacken, diese zu erreichen und die Zukunft zu gestalten. Entdecken Sie die Vorteile unseres exklusiven Partner-Netzwerks und lassen Sie sich von unseren au\u00dfergew\u00f6hnlichen F\u00e4higkeiten begeistern.<\/span><\/p>\n\n\n\n<p style=\"font-size:18px\"><span style=\"color: #ffffff;\" class=\"stk-highlight\">Lassen Sie uns gemeinsam eine ma\u00dfgeschneiderte L\u00f6sung f\u00fcr Ihre Herausforderungen entwickeln. Ihre Zufriedenheit ist unsere Belohnung. Willkommen bei Q2M!<\/span><\/p>\n<\/div>\n<\/div><figure class=\"wp-block-media-text__media\"><img loading=\"lazy\" decoding=\"async\" width=\"1024\" height=\"958\" src=\"https:\/\/q2m.ag\/wp-content\/uploads\/2023\/11\/Grafik_20-1024x958.png\" alt=\"\" class=\"wp-image-244 size-full\" srcset=\"https:\/\/q2m.ag\/wp-content\/uploads\/2023\/11\/Grafik_20-1024x958.png 1024w, https:\/\/q2m.ag\/wp-content\/uploads\/2023\/11\/Grafik_20-300x281.png 300w, https:\/\/q2m.ag\/wp-content\/uploads\/2023\/11\/Grafik_20-768x719.png 768w, https:\/\/q2m.ag\/wp-content\/uploads\/2023\/11\/Grafik_20-1536x1438.png 1536w, https:\/\/q2m.ag\/wp-content\/uploads\/2023\/11\/Grafik_20.png 1560w\" sizes=\"auto, (max-width: 1024px) 100vw, 1024px\" \/><\/figure><\/div>\n<\/div>\n<\/div><\/div>\n\n\n\n<div class=\"wp-block-group is-vertical is-layout-flex wp-container-core-group-is-layout-fe9cc265 wp-block-group-is-layout-flex\">\n<figure class=\"wp-block-image size-large is-resized\"><img loading=\"lazy\" decoding=\"async\" width=\"1024\" height=\"973\" src=\"https:\/\/q2m.ag\/wp-content\/uploads\/2023\/11\/Grafik_15-1024x973.png\" alt=\"\" class=\"wp-image-195\" style=\"aspect-ratio:1.042830540037244;object-fit:cover;width:400px\" srcset=\"https:\/\/q2m.ag\/wp-content\/uploads\/2023\/11\/Grafik_15-1024x973.png 1024w, https:\/\/q2m.ag\/wp-content\/uploads\/2023\/11\/Grafik_15-300x285.png 300w, https:\/\/q2m.ag\/wp-content\/uploads\/2023\/11\/Grafik_15-768x730.png 768w, https:\/\/q2m.ag\/wp-content\/uploads\/2023\/11\/Grafik_15-1536x1460.png 1536w, https:\/\/q2m.ag\/wp-content\/uploads\/2023\/11\/Grafik_15.png 1539w\" sizes=\"auto, (max-width: 1024px) 100vw, 1024px\" \/><\/figure>\n\n\n\n<div class=\"wp-block-group is-vertical is-layout-flex wp-container-core-group-is-layout-fe9cc265 wp-block-group-is-layout-flex\">\n<h2 class=\"wp-block-heading\">M&amp;A &#8211; Mergers and Acquisitions<\/h2>\n\n\n\n<h4 class=\"wp-block-heading\"><em><strong>Wir begleiten Unternehmen bei Nachfolgeregelungen und Wachstum.<\/strong><\/em><\/h4>\n\n\n\n<p>Wir unterst\u00fctzen bei der Ver\u00e4u\u00dferung von Unternehmen oder Unternehmensanteilen, um das im Unternehmen gebundene Verm\u00f6gen zu realisieren. Komplettverkauf und oder R\u00fcckbeteiligung &#8211; jede Option ist durchf\u00fchrbar. R\u00fcckbeteiligungen erm\u00f6glichen Unternehmerfamilien l\u00e4ngerfristig mit dem Unternehmen verbunden zu bleiben und an der weiteren Entwicklung teilzuhaben. Damit bleiben Standort und Arbeitspl\u00e4tze erhalten. Wir erm\u00f6glichen einen kurz-, mittel- oder langfristigen Ausstieg aus Ihrer Firma.<\/p>\n<\/div>\n<\/div>\n\n\n\n<div class=\"wp-block-group is-vertical is-layout-flex wp-container-core-group-is-layout-fe9cc265 wp-block-group-is-layout-flex\">\n<figure class=\"wp-block-image size-large is-resized\"><img loading=\"lazy\" decoding=\"async\" width=\"1024\" height=\"963\" src=\"https:\/\/q2m.ag\/wp-content\/uploads\/2023\/11\/Grafik_10-1024x963.png\" alt=\"\" class=\"wp-image-179\" style=\"width:400px\" srcset=\"https:\/\/q2m.ag\/wp-content\/uploads\/2023\/11\/Grafik_10-1024x963.png 1024w, https:\/\/q2m.ag\/wp-content\/uploads\/2023\/11\/Grafik_10-300x282.png 300w, https:\/\/q2m.ag\/wp-content\/uploads\/2023\/11\/Grafik_10-768x722.png 768w, https:\/\/q2m.ag\/wp-content\/uploads\/2023\/11\/Grafik_10-1536x1445.png 1536w, https:\/\/q2m.ag\/wp-content\/uploads\/2023\/11\/Grafik_10.png 1552w\" sizes=\"auto, (max-width: 1024px) 100vw, 1024px\" \/><\/figure>\n\n\n\n<div class=\"wp-block-group is-vertical is-layout-flex wp-container-core-group-is-layout-fe9cc265 wp-block-group-is-layout-flex\">\n<h2 class=\"wp-block-heading\">F\u00f6rdermittelberatung,                                                     Fokus sozialer Wohnungsbau<\/h2>\n\n\n\n<h4 class=\"wp-block-heading\"><em><strong><em><strong>Entdecken Sie unsere Expertise im Bereich F\u00f6rdermittelberatung mit einem klaren Fokus auf den sozialen Wohnungsbau.<\/strong><\/em><\/strong><\/em><\/h4>\n\n\n\n<p>Unsere Mission ist es, sozialen Wohnungsbau zu f\u00f6rdern und Gemeinschaften zu st\u00e4rken. Mit unserer langj\u00e4hrigen Erfahrung und unserem umfassenden Fachwissen unterst\u00fctzen wir Sie bei der Identifizierung und Beantragung von F\u00f6rdermitteln, die speziell f\u00fcr soziale Wohnprojekte zur Verf\u00fcgung stehen. Unser engagiertes Team von Experten verfolgt einen ma\u00dfgeschneiderten Ansatz, um sicherzustellen, dass Ihre Bed\u00fcrfnisse und Ziele erf\u00fcllt werden. Wir nehmen Ihnen den administrativen Aufwand ab, sodass Sie sich auf die Umsetzung Ihrer sozialen Wohnprojekte konzentrieren k\u00f6nnen. Vertrauen Sie auf unsere F\u00f6rdermittelberatung. Zusammen gestalten wir eine bessere Zukunft f\u00fcr unsere Gemeinschaften.<\/p>\n<\/div>\n<\/div>\n\n\n\n<div class=\"wp-block-group is-vertical is-layout-flex wp-container-core-group-is-layout-fe9cc265 wp-block-group-is-layout-flex\">\n<figure class=\"wp-block-image size-large is-resized\"><img loading=\"lazy\" decoding=\"async\" width=\"954\" height=\"1024\" src=\"https:\/\/q2m.ag\/wp-content\/uploads\/2023\/11\/Grafik_9-954x1024.png\" alt=\"\" class=\"wp-image-180\" style=\"width:400px\" srcset=\"https:\/\/q2m.ag\/wp-content\/uploads\/2023\/11\/Grafik_9-954x1024.png 954w, https:\/\/q2m.ag\/wp-content\/uploads\/2023\/11\/Grafik_9-279x300.png 279w, https:\/\/q2m.ag\/wp-content\/uploads\/2023\/11\/Grafik_9-768x824.png 768w, https:\/\/q2m.ag\/wp-content\/uploads\/2023\/11\/Grafik_9.png 1360w\" sizes=\"auto, (max-width: 954px) 100vw, 954px\" \/><\/figure>\n\n\n\n<div class=\"wp-block-group is-vertical is-layout-flex wp-container-core-group-is-layout-fe9cc265 wp-block-group-is-layout-flex\">\n<h2 class=\"wp-block-heading\">Vermittlung bezahlbarer Wohnraum<\/h2>\n\n\n\n<h4 class=\"wp-block-heading\"><em><strong><em><strong><em><strong>Die Q2M ist auf die Vermittlung von bezahlbarem Wohnraum, mit einem besonderen Fokus auf Kliniken, Arbeitgebern und Anderer spezialisiert.<\/strong><\/em><\/strong><\/em><\/strong><\/em><\/h4>\n\n\n\n<p>Unsere Mission ist es, die Suche nach bezahlbarem Wohnraum f\u00fcr Mitarbeiter, Angeh\u00f6rige und Dienstleistende zu erleichtern. Als Experten in diesem Bereich verbinden wir Menschen mit passenden Wohnm\u00f6glichkeiten und schaffen so eine bessere Lebensqualit\u00e4t. Unsere Dienstleistungen sind darauf ausgerichtet, lebenswerten Wohnraum in unmittelbarer N\u00e4he Ihrer Arbeitsst\u00e4tte anzubieten. Wir verstehen die besonderen Bed\u00fcrfnisse und Anforderungen von Kliniken und Arbeitgebern und arbeiten eng mit Ihnen zusammen. Verlassen Sie sich auf uns, um den richtigen Wohnraum zu finden, der Ihren Anspr\u00fcchen und Ihrem Budget entspricht. Wir nehmen Ihnen den Suchaufwand ab und erm\u00f6glichen einen stressfreien Umzug f\u00fcr Ihre Mitarbeiter. Gerne stellen wir Ihnen unser Konzept und dessen Umsetzung vor. Wir werden Ihr verl\u00e4sslicher Partner!<\/p>\n<\/div>\n<\/div>\n\n\n\n<div class=\"wp-block-group is-vertical is-layout-flex wp-container-core-group-is-layout-fe9cc265 wp-block-group-is-layout-flex\">\n<figure class=\"wp-block-image size-large is-resized\"><img loading=\"lazy\" decoding=\"async\" width=\"891\" height=\"1024\" src=\"https:\/\/q2m.ag\/wp-content\/uploads\/2023\/11\/Grafik_6-891x1024.png\" alt=\"\" class=\"wp-image-173\" style=\"width:400px\" srcset=\"https:\/\/q2m.ag\/wp-content\/uploads\/2023\/11\/Grafik_6-891x1024.png 891w, https:\/\/q2m.ag\/wp-content\/uploads\/2023\/11\/Grafik_6-261x300.png 261w, https:\/\/q2m.ag\/wp-content\/uploads\/2023\/11\/Grafik_6-768x883.png 768w, https:\/\/q2m.ag\/wp-content\/uploads\/2023\/11\/Grafik_6.png 1270w\" sizes=\"auto, (max-width: 891px) 100vw, 891px\" \/><\/figure>\n\n\n\n<div class=\"wp-block-group is-vertical is-layout-flex wp-container-core-group-is-layout-fe9cc265 wp-block-group-is-layout-flex\">\n<h2 class=\"wp-block-heading\">Interimsmanagement<\/h2>\n\n\n\n<h4 class=\"wp-block-heading\"><em><strong><em><strong><em><strong><em><strong>Ihr Schl\u00fcssel zur hochqualifizierten F\u00fchrungskraft!<\/strong><\/em><\/strong><\/em><\/strong><\/em><\/strong><\/em><\/h4>\n\n\n\n<p>In der heutigen schnelllebigen Gesch\u00e4ftswelt sind Ver\u00e4nderungen unvermeidlich. Wir verstehen die Herausforderungen, die mit vor\u00fcbergehendem Bedarf an kompetenter F\u00fchrung einhergehen. Unsere Expertise im Interimsmanagement erm\u00f6glicht es Unternehmen, diese \u00dcbergangszeiten nahtlos und effektiv zu bew\u00e4ltigen. Unsere Interimsmanager verf\u00fcgen \u00fcber ein breites Spektrum an F\u00e4higkeiten und Erfahrungen, um Ihre Organisation erfolgreich zu leiten, sei es in Zeiten des Wandels, bei Umstrukturierungen oder in anderen kritischen Phasen. Sie bringen frische Perspektiven, um Herausforderungen anzugehen und Chancen zu nutzen. Verlassen Sie sich auf uns, um Ihnen sofort erfahrene und qualifizierte Interimsmanager zur Verf\u00fcgung zu stellen. Wir sind Ihr Partner in Zeiten des \u00dcbergangs, um Stabilit\u00e4t und Wachstum sicherzustellen. Erfahren Sie mehr \u00fcber unsere Interimsmanagement-Dienstleistungen und wie wir Ihnen helfen k\u00f6nnen, Ihre kurzfristigen F\u00fchrungsbed\u00fcrfnisse zu erf\u00fcllen.<\/p>\n<\/div>\n<\/div>\n\n\n\n<div class=\"wp-block-group is-vertical is-layout-flex wp-container-core-group-is-layout-fe9cc265 wp-block-group-is-layout-flex\">\n<figure class=\"wp-block-image size-large is-resized\"><img loading=\"lazy\" decoding=\"async\" width=\"1024\" height=\"960\" src=\"https:\/\/q2m.ag\/wp-content\/uploads\/2023\/11\/Grafik_8-1024x960.png\" alt=\"\" class=\"wp-image-181\" style=\"aspect-ratio:1.0666666666666667;width:424px;height:auto\" srcset=\"https:\/\/q2m.ag\/wp-content\/uploads\/2023\/11\/Grafik_8-1024x960.png 1024w, https:\/\/q2m.ag\/wp-content\/uploads\/2023\/11\/Grafik_8-300x281.png 300w, https:\/\/q2m.ag\/wp-content\/uploads\/2023\/11\/Grafik_8-768x720.png 768w, https:\/\/q2m.ag\/wp-content\/uploads\/2023\/11\/Grafik_8-1536x1440.png 1536w, https:\/\/q2m.ag\/wp-content\/uploads\/2023\/11\/Grafik_8.png 1557w\" sizes=\"auto, (max-width: 1024px) 100vw, 1024px\" \/><\/figure>\n\n\n\n<div class=\"wp-block-group is-vertical is-layout-flex wp-container-core-group-is-layout-fe9cc265 wp-block-group-is-layout-flex\">\n<h2 class=\"wp-block-heading\">Coaching &amp; Entwicklung mit Insights Discovery<\/h2>\n\n\n\n<h4 class=\"wp-block-heading\"><em><strong><em><strong><em><strong><em><strong><em><strong>Ihr Partner auf dem Weg zu pers\u00f6nlichem und beruflichem Wachstum!<\/strong><\/em><\/strong><\/em><\/strong><\/em><\/strong><\/em><\/strong><\/em><\/h4>\n\n\n\n<p>Wir haben nur 60 Sekunden Zeit, um bei einem neuen Partner oder Kunden einen guten Eindruck zu hinterlassen. Insights Discovery unterst\u00fctzt Menschen dabei, sich selbst und ihre Partner besser zu verstehen, indem sie die F\u00e4higkeit entwickeln, die Farbenergien und Kommunikationspr\u00e4ferenzen des Gegen\u00fcbers von Anfang an zu erkennen. Sie entwickeln Strategien f\u00fcr den Aufbau besserer Beziehungen zu den unterschiedlichsten Partner- und Kundentypen, indem sie ihren ganz pers\u00f6nlichen Stil in jeder Phase des Projektes anpassen k\u00f6nnen. Dabei wird der Schwerpunkt haupts\u00e4chlich auf die Beziehung zu dem Partner gelegt. Als akkreditierter Insights Discovery Practitioner unterst\u00fctzen wir Sie dabei, effektive Kundenbeziehungen aufzubauen.<\/p>\n\n\n\n<div class=\"wp-block-buttons is-layout-flex wp-block-buttons-is-layout-flex\">\n<div class=\"wp-block-button\"><a class=\"wp-block-button__link wp-element-button\" href=\"https:\/\/q2m.ag\/?page_id=92\">Zertifikat anzeigen<\/a><\/div>\n<\/div>\n<\/div>\n<\/div>\n\n\n\n<div class=\"wp-block-group alignfull has-background is-layout-constrained wp-container-core-group-is-layout-cfcca693 wp-block-group-is-layout-constrained\" id=\"contact\" style=\"background:linear-gradient(35deg,rgb(3,0,86) 0%,rgb(5,51,255) 55%,rgb(70,15,255) 96%);padding-top:104px;padding-bottom:104px\">\n<h2 class=\"wp-block-heading has-text-align-center has-text-color\" style=\"color:#ffffff\">Nehmen Sie Kontakt mit uns auf<\/h2>\n\n\n\n<div class=\"wp-block-buttons alignwide is-horizontal is-content-justification-center is-layout-flex wp-container-core-buttons-is-layout-bba8380a wp-block-buttons-is-layout-flex\" style=\"margin-top:50px\">\n<div class=\"wp-block-button\"><a class=\"wp-block-button__link wp-element-button\" href=\"https:\/\/q2m.ag\/?page_id=43\">Kontakt aufnehmen<\/a><\/div>\n<\/div>\n<\/div>\n","protected":false},"excerpt":{"rendered":"<p>M&amp;A &#8211; Mergers and Acquisitions Wir begleiten Unternehmen bei Nachfolgeregelungen und Wachstum. Wir unterst\u00fctzen bei der Ver\u00e4u\u00dferung von Unternehmen oder Unternehmensanteilen, um das im Unternehmen gebundene Verm\u00f6gen zu realisieren. Komplettverkauf und oder R\u00fcckbeteiligung &#8211; jede Option ist durchf\u00fchrbar. R\u00fcckbeteiligungen erm\u00f6glichen Unternehmerfamilien l\u00e4ngerfristig mit dem Unternehmen verbunden zu bleiben und an der weiteren Entwicklung teilzuhaben. Damit [&hellip;]<\/p>\n","protected":false},"author":1,"featured_media":0,"parent":24,"menu_order":0,"comment_status":"closed","ping_status":"closed","template":"","meta":{"site-sidebar-layout":"default","site-content-layout":"","ast-site-content-layout":"default","site-content-style":"default","site-sidebar-style":"default","ast-global-header-display":"","ast-banner-title-visibility":"","ast-main-header-display":"","ast-hfb-above-header-display":"","ast-hfb-below-header-display":"","ast-hfb-mobile-header-display":"","site-post-title":"disabled","ast-breadcrumbs-content":"","ast-featured-img":"","footer-sml-layout":"","ast-disable-related-posts":"","theme-transparent-header-meta":"","adv-header-id-meta":"","stick-header-meta":"","header-above-stick-meta":"","header-main-stick-meta":"","header-below-stick-meta":"","astra-migrate-meta-layouts":"","ast-page-background-enabled":"default","ast-page-background-meta":{"desktop":{"background-color":"var(--ast-global-color-4)","background-image":"","background-repeat":"repeat","background-position":"center center","background-size":"auto","background-attachment":"scroll","background-type":"","background-media":"","overlay-type":"","overlay-color":"","overlay-opacity":"","overlay-gradient":""},"tablet":{"background-color":"","background-image":"","background-repeat":"repeat","background-position":"center center","background-size":"auto","background-attachment":"scroll","background-type":"","background-media":"","overlay-type":"","overlay-color":"","overlay-opacity":"","overlay-gradient":""},"mobile":{"background-color":"","background-image":"","background-repeat":"repeat","background-position":"center center","background-size":"auto","background-attachment":"scroll","background-type":"","background-media":"","overlay-type":"","overlay-color":"","overlay-opacity":"","overlay-gradient":""}},"ast-content-background-meta":{"desktop":{"background-color":"var(--ast-global-color-5)","background-image":"","background-repeat":"repeat","background-position":"center center","background-size":"auto","background-attachment":"scroll","background-type":"","background-media":"","overlay-type":"","overlay-color":"","overlay-opacity":"","overlay-gradient":""},"tablet":{"background-color":"var(--ast-global-color-5)","background-image":"","background-repeat":"repeat","background-position":"center center","background-size":"auto","background-attachment":"scroll","background-type":"","background-media":"","overlay-type":"","overlay-color":"","overlay-opacity":"","overlay-gradient":""},"mobile":{"background-color":"var(--ast-global-color-5)","background-image":"","background-repeat":"repeat","background-position":"center center","background-size":"auto","background-attachment":"scroll","background-type":"","background-media":"","overlay-type":"","overlay-color":"","overlay-opacity":"","overlay-gradient":""}},"footnotes":""},"class_list":["post-51","page","type-page","status-publish","hentry"],"jetpack_sharing_enabled":true,"_links":{"self":[{"href":"https:\/\/q2m.ag\/index.php?rest_route=\/wp\/v2\/pages\/51","targetHints":{"allow":["GET"]}}],"collection":[{"href":"https:\/\/q2m.ag\/index.php?rest_route=\/wp\/v2\/pages"}],"about":[{"href":"https:\/\/q2m.ag\/index.php?rest_route=\/wp\/v2\/types\/page"}],"author":[{"embeddable":true,"href":"https:\/\/q2m.ag\/index.php?rest_route=\/wp\/v2\/users\/1"}],"replies":[{"embeddable":true,"href":"https:\/\/q2m.ag\/index.php?rest_route=%2Fwp%2Fv2%2Fcomments&post=51"}],"version-history":[{"count":21,"href":"https:\/\/q2m.ag\/index.php?rest_route=\/wp\/v2\/pages\/51\/revisions"}],"predecessor-version":[{"id":428,"href":"https:\/\/q2m.ag\/index.php?rest_route=\/wp\/v2\/pages\/51\/revisions\/428"}],"up":[{"embeddable":true,"href":"https:\/\/q2m.ag\/index.php?rest_route=\/wp\/v2\/pages\/24"}],"wp:attachment":[{"href":"https:\/\/q2m.ag\/index.php?rest_route=%2Fwp%2Fv2%2Fmedia&parent=51"}],"curies":[{"name":"wp","href":"https:\/\/api.w.org\/{rel}","templated":true}]}}